{"id":906,"date":"2023-08-21T11:46:09","date_gmt":"2023-08-21T06:16:09","guid":{"rendered":"https:\/\/gitp.projectspreview.net\/legal\/"},"modified":"2023-10-16T09:51:42","modified_gmt":"2023-10-16T04:21:42","slug":"legal","status":"publish","type":"page","link":"https:\/\/gitp.projectspreview.net\/es\/legal\/","title":{"rendered":"Legal"},"content":{"rendered":"<p><strong>SOLICITUD:<\/strong><\/p>\n<p>ESTA POL\u00cdTICA SE APLICA A CUALQUIER USO DE LOS MATERIALES O SERVICIOS DE GITP.<\/p>\n<p>LOS MATERIALES Y LOS SERVICIOS DE GITP SON PROPIEDAD INTELECTUAL (IP) DE GITP Y EST\u00c1N PROTEGIDOS POR DERECHOS DE AUTOR. SE APLICAN LIMITACIONES ESTRICTAS AL USO Y REUTILIZACI\u00d3N DE ESTA IP.<\/p>\n<p><strong>DEFINICIONES:<\/strong><\/p>\n<p>\u201cMATERIALES GITP\u201d SIGNIFICA TODO EL MATERIAL DE GITP, INCLUYENDO SIN LIMITACI\u00d3N: INFORMACI\u00d3N Y MATERIAL AS\u00cd COMO TODOS LOS PRODUCTOS, SOFTWARE, SITIO WEB, MARCOS, M\u00c9TODOS, SECRETOS COMERCIALES, CONOCIMIENTOS, IDEAS, ENFOQUES, DESCRIPCIONES ASOCIADAS, CATEGORIZACI\u00d3N, CLASIFICACI\u00d3N, OBJETOS, META OBJETOS, ARTEFACTOS, MAPAS , MATRIZ Y MODELOS, EN CUALQUIER FORMA O MEDIO EN QUE SE PUEDAN UTILIZAR (INCLUYENDO MEDIOS IMPRESOS, MEDIOS EN L\u00cdNEA, LIBROS, ART\u00cdCULOS, OBRAS AUDIOVISUALES, BLOGS, WIKIS, O CUALQUIER OTRO FORMATO O MEDIO). LOS MATERIALES GITP TAMBI\u00c9N INCLUYEN TODOS LOS TEXTOS, IM\u00c1GENES, DOCUMENTACI\u00d3N, CAPTURAS DE PANTALLA, SITIOS WEB, FOTOGRAF\u00cdAS, VIDEOS, ETC. DE GITP, EN CUALQUIER MEDIO QUE SE UTILICE (INCLUYENDO MEDIOS IMPRESOS, MEDIOS EN L\u00cdNEA, LIBROS, ART\u00cdCULOS, OBRAS AUDIOVISUALES, BLOGS, WIKIS, O CUALQUIER OTRO FORMATO O MEDIO).<\/p>\n<p>\u201cSERVICIOS GITP\u201d SIGNIFICA TODA CREACI\u00d3N, PERSONALIZACI\u00d3N, MODIFICACI\u00d3N, IMPLEMENTACI\u00d3N, APLICACI\u00d3N, SUPERVISI\u00d3N, COMUNICACI\u00d3N, COMPARTIMIENTO O CUALQUIER OTRO TRABAJO, ACTIVIDAD O SERVICIO RELACIONADO CON GITP Y LOS MATERIALES DE GITP.<\/p>\n<p>\u201cT\u00da\u201d SIGNIFICA CUALQUIER LECTOR DE ESTA POL\u00cdTICA, CUALQUIER COMPRADOR Y\/O USUARIO DE MATERIALES DE GITP Y\/O SERVICIOS DE GITP, INCLUYENDO SIN LIMITACI\u00d3N: CUALQUIER EMPLEADO, MIEMBRO, DIRECTOR, FUNCIONARIO, ACCIONISTA, MIEMBRO DE LA JUNTA, SOCIO, AGENTE, REPRESENTANTE O AFILIADO DEL LECTOR MENCIONADO , COMPRADOR O USUARIO DE MATERIALES GITP Y\/O SERVICIOS GITP. CUALQUIER PERSONA INCLUIDA EN ESTA DEFINICI\u00d3N ESTAR\u00c1 OBLIGADA POR LOS T\u00c9RMINOS DE ESTA POL\u00cdTICA Y SE CONSIDERAR\u00c1 QUE LOS ACEPTA.<\/p>\n<p><strong>PROTECCI\u00d3N DE DERECHOS DE AUTOR:<\/strong><\/p>\n<p>LOS MATERIALES Y LOS SERVICIOS DE GITP EST\u00c1N PROTEGIDOS POR LA LEY, INCLUYENDO, PERO NO LIMITADO A, LAS LEYES CANADIENSES, DE LOS ESTADOS UNIDOS Y\/O DE LA UNI\u00d3N EUROPEA RECONOCIDAS INTERNACIONALMENTE, AS\u00cd COMO CUALQUIER OTRA LEY O ESTATUTO QUE PUEDA APLICAR. SALVO QUE SE INDIQUE ESPEC\u00cdFICAMENTE LO CONTRARIO POR ESCRITO, GITP ES EL \u00daNICO PROPIETARIO DE LOS DERECHOS DE AUTOR DE LOS MATERIALES Y SERVICIOS DE GITP, Y GITP SE RESERVA TODOS LOS DERECHOS AL RESPECTO.<\/p>\n<p>USO DE MATERIALES Y SERVICIOS DE GITP SEG\u00daN LO AUTORIZADO POR CONTRATO:<\/p>\n<p>SU USO Y ACCESO A LOS MATERIALES Y\/O SERVICIOS DE GITP DEBE ESTAR AUTORIZADO POR ESCRITO POR PARTE DE GITP. ESTA AUTORIZACI\u00d3N SE REALIZA DE FORMA NO EXCLUSIVA Y \u00daNICA, SUJETA A CIERTOS T\u00c9RMINOS Y CONDICIONES, Y SUJETA AL PRECIO APLICABLE, TODO LO CUAL SE DETERMINA EN UN CONTRATO.<\/p>\n<p>LOS TERCEROS QUE DESEAN UTILIZAR MATERIALES Y\/O SERVICIOS DE GITP DEBEN OBTENER EL PERMISO DE GITP PARA HACERLO ANTES DE EJERCER DICHO USO.<\/p>\n<p><strong>CONVENIOS DE USO:<\/strong><br \/>\nEL USO NO AUTORIZADO O MAL USO DE CUALQUIER MATERIAL O SERVICIO DE GITP EST\u00c1 EXPRESAMENTE PROHIBIDO.<\/p>\n<p>LOS SIGUIENTES CONVENIOS SE APLICAN A TODOS LOS USOS PREAUTORIZADOS DE MATERIALES Y SERVICIOS DE GITP, Y DEBEN CUMPLIRSE ESTRICTAMENTE. EL INCUMPLIMIENTO DE CUALQUIERA DE LOS SIGUIENTES CONVENIOS SE CONSIDERAR\u00c1 UN INCUMPLIMIENTO DE ESTA POL\u00cdTICA, SUJETO A CUALQUIER RECURSO DISPONIBLE PARA GITP.<br \/>\n\u2022 LOS MATERIALES DE GITP Y TODAS SUS COPIAS SERAN PROPIEDAD EXCLUSIVA DE GITP.<br \/>\n\u2022 NO REPRODUCIR, MODIFICAR, COPIAR, AGREGAR, DISTRIBUIR, TRANSMITIR, MOSTRAR, PUBLICAR, OTORGAR LICENCIA O TRANSFERIR NING\u00daN MATERIAL Y\/O SERVICIO DE GITP.<br \/>\n\u2022 USTED NO INTENTAR\u00c1 DIRECTA O INDIRECTAMENTE RECONSTRUIR NING\u00daN MATERIAL Y\/O SERVICIO DE GITP, YA SEA TOTAL O PARCIALMENTE, DE NINGUNA MANERA O FORMA MEDIANTE EL USO DE REGISTROS, MEMORIA U OTROS DE LA COMPA\u00d1\u00cdA.<br \/>\n\u2022 EN NINGUNA CIRCUNSTANCIA CREAR\u00c1S TRABAJOS DERIVADOS DE MATERIALES GITP Y\/O SERVICIOS GITP, NI VENDER\u00c1S CUALQUIER INFORMACI\u00d3N A LA QUE TENGAS ACCESO A TRAV\u00c9S DE GITP.<br \/>\n\u2022 USTED S\u00d3LO PUEDE UTILIZAR LOS MATERIALES GITP Y\/O LOS SERVICIOS GITP SIN MODIFICACI\u00d3N (EXCEPTO QUE PUEDA SER NECESARIO PARA REDIMENSIONAR O CONVERTIR LOS MATERIALES GITP Y\/O LOS SERVICIOS GITP A UN FORMATO PERMITIDO).<br \/>\n\u2022 NO PUEDE UTILIZAR LOS MATERIALES DE GITP Y\/O LOS SERVICIOS DE GITP DE NINGUNA MANERA O CONTEXTO OFENSIVO, POR EJEMPLO, DE UNA MANERA QUE SEA DIFAMATORIA, DESCRIPTIVA O DIAGNOSTICA, O QUE DE OTRA MANERA PRESENTE INFORMACI\u00d3N FALSA O ENGA\u00d1OSA SOBRE GITP O CUALQUIER OTRA PARTE, INCLUYENDO SUS PRODUCTOS O SERVICIOS; EN JUNTA CON MATERIAL OBSCENO O PORNOGR\u00c1FICO; DE UNA MANERA QUE SUGERE SESGO POR RAZA, ORIGEN NACIONAL, G\u00c9NERO, ORIENTACI\u00d3N SEXUAL O RELIGI\u00d3N; O DE CUALQUIER MANERA QUE SER\u00cdA ILEGAL SEG\u00daN LA LEY APLICABLE.<br \/>\n\u2022 NO PUEDE IMPLICAR NINGUNA SOCIEDAD, PATROCINIO, AGENCIA, AFILIACI\u00d3N, RESPALDO O CUALQUIER OTRA RELACI\u00d3N DE GITP, A MENOS QUE SE PERMITA EXPRESAMENTE MEDIANTE UN CONTRATO ESCRITO CON GITP, COMO UN CONTRATO V\u00c1LIDO DE SOCIEDAD, PATROCINIO, AGENCIA, AFILIACI\u00d3N O RESPALDO. CUALQUIER IMPLICACI\u00d3N EN AUSENCIA DE DICHO CONTRATO CONSTITUYE UNA INFRACCI\u00d3N CONTRA LA MARCA GITP Y SUS DERECHOS DE PI.<br \/>\n\u2022 NO PUEDE UTILIZAR LOS MATERIALES Y\/O LOS SERVICIOS DE GITP PARA UN FIN COMPETITIVO CON GITP O SUS PRODUCTOS A MENOS QUE EL CONTRATO O LEY APLICABLE LO PERMITA CLARAMENTE LO CONTRARIO.<br \/>\n\u2022 NO PUEDE UTILIZAR NING\u00daN LOGOTIPO, MARCA COMERCIAL O MARCA DE DISE\u00d1O DE GITP.<\/p>\n<p>DESPU\u00c9S DE SU LIBERACI\u00d3N PARA SU USO, LOS MATERIALES DE GITP Y\/O LOS SERVICIOS DE GITP S\u00d3LO PUEDEN UTILIZARSE PARA EL PROP\u00d3SITO, FUNCI\u00d3N O SOLUCI\u00d3N ESPEC\u00cdFICA PARA LA QUE FUERON DISE\u00d1ADOS, SEG\u00daN LO ESTABLECIDO EN UN ACUERDO O CONTRATO ESCRITO CON GITP. AUNQUE LOS MATERIALES GITP Y\/O SERVICIOS GITP PUEDEN SER UTILIZADOS POR EL INDIVIDUO O GRUPO ESPEC\u00cdFICO PARA EL QUE FUERON PUBLICADOS EXPL\u00cdCITAMENTE, NO PUEDEN SER REUTILIZADOS, REPRODUCIDOS, MODIFICADOS, COPIADOS, AGREGADOS, DISTRIBUIDOS, TRANSMITIDOS, MOSTRADOS, PUBLICADOS, LICENCIADOS O TRANSFERIDO DE CUALQUIER OTRA MANERA. NI LOS MATERIALES GITP NI LOS SERVICIOS GITP PUEDEN SER UTILIZADOS, REUTILIZADOS, MODIFICADOS O REPRODUCIDOS POR NING\u00daN EQUIPO, GRUPO, \u00c1REA, DEPARTAMENTO, UNIDAD DE NEGOCIO O ENTIDAD DISTINTO DEL GRUPO ESPEC\u00cdFICO PARA EL QUE FUERON PUBLICADOS. LA AUTOMATIZACI\u00d3N DE CUALQUIERA DE LOS MATERIALES Y\/O SERVICIOS DE GITP REQUIERE APROBACI\u00d3N Y COORDINACI\u00d3N ESPECIALES DE GITP Y PUEDE REQUERIR EL PAGO DE TARIFAS ADICIONALES.<\/p>\n<p>SI UTILIZA O RECIBE ALG\u00daN MATERIAL Y\/O SERVICIO DE GITP, ACEPTA LAS POL\u00cdTICAS DE GITP Y EST\u00c1 OBLIGADO A MANTENER LA PROPIEDAD INTELECTUAL DE GITP CONFIDENCIAL Y SEGURA. SI USTED PERMITE, YA SEA ACTIVA O PASIVAMENTE, QUE EL MATERIAL SE PUEDA LIBERAR, REUTILIZAR, REPRODUCIR, MODIFICAR, COPIAR, RECONSTRUIR, AGREGAR, DISTRIBUIR, TRANSMITIR, MOSTRAR, PUBLICAR, LICENCIAR O TRANSFERIR DE CUALQUIER MANERA, USTED SER\u00c1 RESPONSABLE DE CUALQUIER INCUMPLIMIENTO QUE PUEDE OCURRIR. DESPU\u00c9S DE DICHA INCUMPLIMIENTO, SE LE FACTURAR\u00c1N LOS MATERIALES DE GITP Y\/O LOS SERVICIOS DE GITP, AS\u00cd COMO CUALQUIER TARIFA O RECURSO APLICABLE QUE PUEDA ESTAR DISPONIBLE PARA GITP.<\/p>\n<p><strong>LEY APLICABLE Y JURISDICCI\u00d3N:<\/strong><\/p>\n<p>ESTA POL\u00cdTICA SE RIGE EXCLUSIVAMENTE POR LAS LEYES DE CANAD\u00c1 O LAS LEYES DEL PA\u00cdS EN EL QUE SURGE UNA INCUMPLIMIENTO, DISPUTA O ACCI\u00d3N, Y DEBE SER APLICADA, INTERPRETADA E INTERPRETADA EXCLUSIVAMENTE DE ACUERDO CON LAS LEYES DE CANAD\u00c1 O LAS LEYES DEL PA\u00cdS EN EL QUE SURJA UNA INCUMPLIMIENTO, DISPUTA O ACCI\u00d3N, A DISCRECI\u00d3N DE GITP, Y TAL LAS LEYES SE CONSIDERAR\u00c1N CORRECTAS Y APLICABLES A LA P\u00d3LIZA. CADA PARTE SE SOMETER\u00c1 A LA JURISDICCI\u00d3N EXCLUSIVA DE LOS TRIBUNALES APROPIADOS Y DE TODOS LOS TRIBUNALES QUE TENGAN JURISDICCI\u00d3N DE APELACI\u00d3N SOBRE ELLOS, EN CUALQUIER DEMANDA, ACCI\u00d3N U OTRO PROCEDIMIENTO QUE SURJA DE O SE RELACIONE CON ESTA POL\u00cdTICA.<\/p>\n<p>CADA PARTE RENUNCIA A CUALQUIER RECLAMACI\u00d3N QUE:<br \/>\nA. DICHA PARTE NO EST\u00c1 SUJETA A LA JURISDICCI\u00d3N DE DICHO TRIBUNAL;<br \/>\nB. DICHA ACCI\u00d3N SE PRESENTA EN UN FORO INCONVENIENTE;<br \/>\nC. EL LUGAR DE DICHA ACCI\u00d3N ES INCORRECTO; O<br \/>\nD. CUALQUIER OBJETO DE DICHA ACCI\u00d3N NO PUEDE SER APLICADO EN DICHO TRIBUNAL O POR DICHO TRIBUNAL;<\/p>\n<p>Y NO SOLICITAR\u00c1 Y POR LA PRESENTE RENUNCIA A CUALQUIER DEMANDA O ACCI\u00d3N INICIADA PARA OBTENER UNA SENTENCIA PARA EL RECONOCIMIENTO O EJECUCI\u00d3N DE CUALQUIER SENTENCIA FINAL EMITIDA EN UNA ACCI\u00d3N Y REVISI\u00d3N, DISTINTA DE LA MEDIA DE APELACI\u00d3N, EN CUALQUIER TRIBUNAL DE CUALQUIER OTRA JURISDICCI\u00d3N DE O PERTINENTE. AL FONDO DE CUALQUIER ACCI\u00d3N, YA SEA QUE DICHA PARTE APARECE O DEFIENDA LA ACCI\u00d3N.<\/p>\n<p><strong>TERMINACI\u00d3N DE T\u00c9RMINOS:<\/strong><\/p>\n<p>SI CUALQUIER DISPOSICI\u00d3N CONTENIDA EN ESTA POL\u00cdTICA ES CONSIDERADA POR UNA AUTORIDAD COMPETENTE INV\u00c1LIDA O INAPLICABLE EN TODO O PARCIALMENTE, EN LA MEDIDA EN QUE SEA SEPARABLE DEL RESTO DE LA POL\u00cdTICA, SE CONSIDERAR\u00c1 OMITIDA DE LA POL\u00cdTICA Y DE LA VALIDEZ DE LAS DEM\u00c1S DISPOSICIONES CONTENIDAS EN LA P\u00d3LIZA Y EL RESTO DE LA DISPOSICI\u00d3N EN CUESTI\u00d3N NO SE VER\u00c1N AFECTADOS POR LA MISMA.<\/p>\n","protected":false},"excerpt":{"rendered":"<p>SOLICITUD: ESTA POL\u00cdTICA SE APLICA A CUALQUIER USO DE LOS MATERIALES O SERVICIOS DE GITP. LOS MATERIALES Y LOS SERVICIOS DE GITP SON PROPIEDAD INTELECTUAL (IP) DE GITP Y EST\u00c1N PROTEGIDOS POR DERECHOS DE AUTOR. SE APLICAN LIMITACIONES ESTRICTAS AL USO Y REUTILIZACI\u00d3N DE ESTA IP. DEFINICIONES: \u201cMATERIALES GITP\u201d SIGNIFICA TODO EL MATERIAL DE GITP,&hellip; <a class=\"more-link\" href=\"https:\/\/gitp.projectspreview.net\/es\/legal\/\">Continue reading <span class=\"screen-reader-text\">Legal<\/span><\/a><\/p>\n","protected":false},"author":2,"featured_media":0,"parent":0,"menu_order":0,"comment_status":"closed","ping_status":"closed","template":"","meta":{"footnotes":""},"acf":[],"_links":{"self":[{"href":"https:\/\/gitp.projectspreview.net\/es\/wp-json\/wp\/v2\/pages\/906"}],"collection":[{"href":"https:\/\/gitp.projectspreview.net\/es\/wp-json\/wp\/v2\/pages"}],"about":[{"href":"https:\/\/gitp.projectspreview.net\/es\/wp-json\/wp\/v2\/types\/page"}],"author":[{"embeddable":true,"href":"https:\/\/gitp.projectspreview.net\/es\/wp-json\/wp\/v2\/users\/2"}],"replies":[{"embeddable":true,"href":"https:\/\/gitp.projectspreview.net\/es\/wp-json\/wp\/v2\/comments?post=906"}],"version-history":[{"count":1,"href":"https:\/\/gitp.projectspreview.net\/es\/wp-json\/wp\/v2\/pages\/906\/revisions"}],"predecessor-version":[{"id":1376,"href":"https:\/\/gitp.projectspreview.net\/es\/wp-json\/wp\/v2\/pages\/906\/revisions\/1376"}],"wp:attachment":[{"href":"https:\/\/gitp.projectspreview.net\/es\/wp-json\/wp\/v2\/media?parent=906"}],"curies":[{"name":"wp","href":"https:\/\/api.w.org\/{rel}","templated":true}]}}